{"id":5,"date":"2021-12-15T04:26:42","date_gmt":"2021-12-15T09:26:42","guid":{"rendered":"http:\/\/www.japanadart.com\/?page_id=5"},"modified":"2026-01-07T12:59:52","modified_gmt":"2026-01-07T17:59:52","slug":"create-your-website-with-blocks","status":"publish","type":"page","link":"https:\/\/www.japanadart.com\/","title":{"rendered":"HOME"},"content":{"rendered":"\n<div class=\"wp-block-cover aligncenter is-light has-ast-global-color-4-color has-text-color has-link-color wp-elements-6895a454ce6b8c68f091c65b4d3f546a\"><img loading=\"lazy\" decoding=\"async\" width=\"851\" height=\"315\" class=\"wp-block-cover__image-background wp-image-626 size-full\" alt=\"\" src=\"https:\/\/www.japanadart.com\/wp-content\/uploads\/2024\/12\/\u540d\u79f0\u672a\u8a2d\u5b9a\u306e\u30c7\u30b6\u30a4\u30f3-10.png\" data-object-fit=\"cover\" srcset=\"https:\/\/www.japanadart.com\/wp-content\/uploads\/2024\/12\/\u540d\u79f0\u672a\u8a2d\u5b9a\u306e\u30c7\u30b6\u30a4\u30f3-10.png 851w, https:\/\/www.japanadart.com\/wp-content\/uploads\/2024\/12\/\u540d\u79f0\u672a\u8a2d\u5b9a\u306e\u30c7\u30b6\u30a4\u30f3-10-300x111.png 300w, https:\/\/www.japanadart.com\/wp-content\/uploads\/2024\/12\/\u540d\u79f0\u672a\u8a2d\u5b9a\u306e\u30c7\u30b6\u30a4\u30f3-10-768x284.png 768w\" sizes=\"auto, (max-width: 851px) 100vw, 851px\" \/><span aria-hidden=\"true\" class=\"wp-block-cover__background has-ast-global-color-6-background-color has-background-dim-20 has-background-dim\"><\/span><div class=\"wp-block-cover__inner-container is-layout-constrained wp-block-cover-is-layout-constrained\">\n<h1 class=\"wp-block-heading has-text-align-center has-large-font-size\"><strong><em>Write.   Draw.   Learn<\/em><\/strong>.<\/h1>\n\n\n\n<p class=\"has-text-align-center\">Experience Japanese culture through brush, pen, and language.<\/p>\n\n\n\n<div class=\"wp-block-buttons is-content-justification-center is-layout-flex wp-container-core-buttons-is-layout-a89b3969 wp-block-buttons-is-layout-flex\">\n<div class=\"wp-block-button is-style-fill\"><a class=\"wp-block-button__link has-white-color has-ast-global-color-3-background-color has-text-color has-background has-link-color has-text-align-center wp-element-button\" href=\"https:\/\/app.squareup.com\/appointments\/book\/97alrxnqew5xh6\/L7RDS6R5TX8N5\/start\" style=\"border-top-left-radius:25px;border-top-right-radius:25px;border-bottom-left-radius:25px;border-bottom-right-radius:25px\">Book a session<\/a><\/div>\n<\/div>\n<\/div><\/div>\n\n\n\n<div class=\"wp-block-group has-white-background-color has-background is-layout-constrained wp-block-group-is-layout-constrained\" style=\"padding-top:80px;padding-bottom:80px\">\n<h2 class=\"wp-block-heading\"><em>A quiet introduction to Japanese culture<\/em><\/h2>\n\n\n\n<p>Through writing and drawing,<br>you slow down, observe, and connect with each movement.<\/p>\n\n\n\n<p>This is not about perfection,<br>but about presence and intention.<\/p>\n\n\n\n<p class=\"has-ast-global-color-7-color has-text-color has-link-color has-small-font-size wp-elements-a817ee6d99ce83d61571e9a3c0d37f80\"><em>Une approche douce et accessible<br>de la culture japonaise.<\/em><\/p>\n<\/div>\n\n\n\n<div class=\"wp-block-columns is-layout-flex wp-container-core-columns-is-layout-28f84493 wp-block-columns-is-layout-flex\">\n<div class=\"wp-block-column is-layout-flow wp-block-column-is-layout-flow\">\n<h3 class=\"wp-block-heading\">Calligraphy<\/h3>\n\n\n\n<p>Writing with brush and ink.<br>Learn traditional Japanese calligraphy step by step.<\/p>\n<\/div>\n\n\n\n<div class=\"wp-block-column is-layout-flow wp-block-column-is-layout-flow\">\n<h3 class=\"wp-block-heading\">Ink Painting <\/h3>\n\n\n\n<p>Drawing with simplicity and flow.<br>Express movement and stillness with ink.<\/p>\n<\/div>\n\n\n\n<div class=\"wp-block-column is-layout-flow wp-block-column-is-layout-flow\">\n<h3 class=\"wp-block-heading\">Japanese Language <\/h3>\n\n\n\n<p>Learn Japanese through culture and context.<br>Language connected to writing and art.<\/p>\n<\/div>\n<\/div>\n\n\n\n<div class=\"wp-block-columns has-ast-global-color-7-color has-text-color has-link-color wp-elements-f6de2b1097a65124152a614d82fe7515 is-layout-flex wp-container-core-columns-is-layout-28f84493 wp-block-columns-is-layout-flex\">\n<div class=\"wp-block-column is-layout-flow wp-block-column-is-layout-flow\">\n<h3 class=\"wp-block-heading has-ast-global-color-7-color has-text-color has-link-color wp-elements-7ccef478043064ef1d8d835fda56c944\"><em>Calligraphie japonaise<\/em><\/h3>\n\n\n\n<p><em>\u00c9crire au pinceau et \u00e0 l&#8217;encre<\/em><\/p>\n<\/div>\n\n\n\n<div class=\"wp-block-column is-layout-flow wp-block-column-is-layout-flow\">\n<h3 class=\"wp-block-heading has-ast-global-color-7-color has-text-color has-link-color wp-elements-eb2941def3b256a09801fc833fbda12b\"><em>Sumi-e<\/em><\/h3>\n\n\n\n<p><em>Dessiner avec simplicit\u00e9 et fluidit\u00e9<\/em><\/p>\n<\/div>\n\n\n\n<div class=\"wp-block-column is-layout-flow wp-block-column-is-layout-flow\">\n<h3 class=\"wp-block-heading has-ast-global-color-7-color has-text-color has-link-color wp-elements-9cd882f5ef29cba0c6a581faf284e2fb\"><em>Langue japonais<\/em><\/h3>\n\n\n\n<p><em>Apprendre \u00e0 travers la culture et la langue japonaise<\/em><\/p>\n<\/div>\n<\/div>\n\n\n\n<div style=\"height:25px\" aria-hidden=\"true\" class=\"wp-block-spacer\"><\/div>\n\n\n\n<h2 class=\"wp-block-heading\"><em>Open to everyone<\/em><\/h2>\n\n\n\n<ul class=\"wp-block-list\">\n<li>No experience required<\/li>\n\n\n\n<li>Beginner-friendly<\/li>\n\n\n\n<li>All materials provided<\/li>\n\n\n\n<li>Private &amp; small-group sessions<\/li>\n<\/ul>\n\n\n\n<ul class=\"wp-block-list\">\n<li class=\"has-ast-global-color-7-color has-text-color has-link-color wp-elements-1254b1c84385369d8c32c8c72bb98622\"><em>Aucune exp\u00e9rience requise<\/em><\/li>\n\n\n\n<li class=\"has-ast-global-color-7-color has-text-color has-link-color wp-elements-ce9fe971de3e68930fd93504fe4a9f9c\"><em>Adapt\u00e9 aux d\u00e9butants<\/em><\/li>\n\n\n\n<li class=\"has-ast-global-color-7-color has-text-color has-link-color wp-elements-0cb698b4e9ae27ad51ff432f08a66d88\"><em>Tous les mat\u00e9riaux fournis<\/em><\/li>\n\n\n\n<li class=\"has-ast-global-color-7-color has-text-color has-link-color wp-elements-d85490a11c0f450848e1b95d742764f4\"><em>S\u00e9ances priv\u00e9es et en petits groupes<\/em><\/li>\n<\/ul>\n\n\n\n<div style=\"height:25px\" aria-hidden=\"true\" class=\"wp-block-spacer\"><\/div>\n\n\n\n<div class=\"wp-block-buttons is-content-justification-center is-layout-flex wp-container-core-buttons-is-layout-a89b3969 wp-block-buttons-is-layout-flex\" style=\"border-top-left-radius:0px;border-top-right-radius:0px;border-bottom-left-radius:0px;border-bottom-right-radius:0px\">\n<div class=\"wp-block-button\"><a class=\"wp-block-button__link has-black-background-color has-background has-text-align-center wp-element-button\" href=\"https:\/\/app.squareup.com\/appointments\/book\/97alrxnqew5xh6\/L7RDS6R5TX8N5\/start\" style=\"border-top-left-radius:35px;border-top-right-radius:35px;border-bottom-left-radius:35px;border-bottom-right-radius:35px\">Reserve your spot \uff5c <em>R\u00e9server votre place<\/em><\/a><\/div>\n<\/div>\n\n\n\n<div style=\"height:25px\" aria-hidden=\"true\" class=\"wp-block-spacer\"><\/div>\n\n\n\n<p class=\"has-text-align-center\"><strong>Come as you are.<br>Just sit, write, and begin.<\/strong><\/p>\n\n\n\n<p class=\"has-text-align-center has-ast-global-color-7-color has-text-color has-link-color wp-elements-49a8bd07b92e2be9ad6e4e3266fdf02c\">Venez comme vous \u00eates.<br>Asseyez-vous, \u00e9crivez et commencez.<\/p>\n\n\n\n<p class=\"has-text-align-center\"><strong>Classes are guided with care and clarity,<br>focusing on both technique and experience.<\/strong><\/p>\n\n\n\n<p class=\"has-text-align-center\"><strong>Each session is adapted to your pace<br>and your level.<\/strong><\/p>\n\n\n\n<p class=\"has-text-align-center has-ast-global-color-7-color has-text-color has-link-color wp-elements-f301a9d9b30f2f5bd33612631466648e\"><em>Les cours sont adapt\u00e9s \u00e0 votre rythme et \u00e0 votre niveau,<br>dans une atmosph\u00e8re calme et bienveillante.<\/em><\/p>\n\n\n\n<p class=\"has-text-align-center\"><strong>Lessons are primarily conducted in French. <\/strong><\/p>\n\n\n\n<p class=\"has-text-align-center\"><strong>Explanations in English are available when needed.<\/strong><\/p>\n\n\n\n<p class=\"has-text-align-center has-ast-global-color-7-color has-text-color has-link-color wp-elements-82340f032874c03a3f9603030a957174\"><em>Les cours se d\u00e9roulent principalement en fran\u00e7ais.<\/em><\/p>\n\n\n\n<p class=\"has-text-align-center has-ast-global-color-7-color has-text-color has-link-color wp-elements-1670f574b1e144b63bb28f7eca63a8de\"><em>Des explications en anglais sont disponibles en cas de besoin.<\/em><\/p>\n\n\n\n<div style=\"height:100px\" aria-hidden=\"true\" class=\"wp-block-spacer\"><\/div>\n","protected":false},"excerpt":{"rendered":"<p>A quiet introduction [&hellip;]<\/p>\n","protected":false},"author":1,"featured_media":0,"parent":0,"menu_order":0,"comment_status":"closed","ping_status":"closed","template":"","meta":{"site-sidebar-layout":"default","site-content-layout":"","ast-site-content-layout":"default","site-content-style":"default","site-sidebar-style":"default","ast-global-header-display":"","ast-banner-title-visibility":"","ast-main-header-display":"","ast-hfb-above-header-display":"","ast-hfb-below-header-display":"","ast-hfb-mobile-header-display":"","site-post-title":"disabled","ast-breadcrumbs-content":"","ast-featured-img":"","footer-sml-layout":"","ast-disable-related-posts":"","theme-transparent-header-meta":"","adv-header-id-meta":"","stick-header-meta":"","header-above-stick-meta":"","header-main-stick-meta":"","header-below-stick-meta":"","astra-migrate-meta-layouts":"default","ast-page-background-enabled":"default","ast-page-background-meta":{"desktop":{"background-color":"var(--ast-global-color-5)","background-image":"","background-repeat":"repeat","background-position":"center center","background-size":"auto","background-attachment":"scroll","background-type":"","background-media":"","overlay-type":"","overlay-color":"","overlay-opacity":"","overlay-gradient":""},"tablet":{"background-color":"","background-image":"","background-repeat":"repeat","background-position":"center center","background-size":"auto","background-attachment":"scroll","background-type":"","background-media":"","overlay-type":"","overlay-color":"","overlay-opacity":"","overlay-gradient":""},"mobile":{"background-color":"","background-image":"","background-repeat":"repeat","background-position":"center center","background-size":"auto","background-attachment":"scroll","background-type":"","background-media":"","overlay-type":"","overlay-color":"","overlay-opacity":"","overlay-gradient":""}},"ast-content-background-meta":{"desktop":{"background-color":"var(--ast-global-color-4)","background-image":"","background-repeat":"repeat","background-position":"center center","background-size":"auto","background-attachment":"scroll","background-type":"","background-media":"","overlay-type":"","overlay-color":"","overlay-opacity":"","overlay-gradient":""},"tablet":{"background-color":"var(--ast-global-color-4)","background-image":"","background-repeat":"repeat","background-position":"center center","background-size":"auto","background-attachment":"scroll","background-type":"","background-media":"","overlay-type":"","overlay-color":"","overlay-opacity":"","overlay-gradient":""},"mobile":{"background-color":"var(--ast-global-color-4)","background-image":"","background-repeat":"repeat","background-position":"center center","background-size":"auto","background-attachment":"scroll","background-type":"","background-media":"","overlay-type":"","overlay-color":"","overlay-opacity":"","overlay-gradient":""}},"footnotes":""},"class_list":["post-5","page","type-page","status-publish","hentry"],"_links":{"self":[{"href":"https:\/\/www.japanadart.com\/index.php?rest_route=\/wp\/v2\/pages\/5","targetHints":{"allow":["GET"]}}],"collection":[{"href":"https:\/\/www.japanadart.com\/index.php?rest_route=\/wp\/v2\/pages"}],"about":[{"href":"https:\/\/www.japanadart.com\/index.php?rest_route=\/wp\/v2\/types\/page"}],"author":[{"embeddable":true,"href":"https:\/\/www.japanadart.com\/index.php?rest_route=\/wp\/v2\/users\/1"}],"replies":[{"embeddable":true,"href":"https:\/\/www.japanadart.com\/index.php?rest_route=%2Fwp%2Fv2%2Fcomments&post=5"}],"version-history":[{"count":125,"href":"https:\/\/www.japanadart.com\/index.php?rest_route=\/wp\/v2\/pages\/5\/revisions"}],"predecessor-version":[{"id":746,"href":"https:\/\/www.japanadart.com\/index.php?rest_route=\/wp\/v2\/pages\/5\/revisions\/746"}],"wp:attachment":[{"href":"https:\/\/www.japanadart.com\/index.php?rest_route=%2Fwp%2Fv2%2Fmedia&parent=5"}],"curies":[{"name":"wp","href":"https:\/\/api.w.org\/{rel}","templated":true}]}}