{"id":6,"date":"2021-12-15T04:26:42","date_gmt":"2021-12-15T09:26:42","guid":{"rendered":"http:\/\/www.japanadart.com\/?page_id=6"},"modified":"2026-01-07T15:55:57","modified_gmt":"2026-01-07T20:55:57","slug":"works","status":"publish","type":"page","link":"https:\/\/www.japanadart.com\/?page_id=6","title":{"rendered":"Classes \/ Cours"},"content":{"rendered":"\n<div class=\"wp-block-cover is-light\"><img loading=\"lazy\" decoding=\"async\" width=\"851\" height=\"315\" class=\"wp-block-cover__image-background wp-image-638 size-full\" alt=\"\" src=\"https:\/\/www.japanadart.com\/wp-content\/uploads\/2024\/12\/\u540d\u79f0\u672a\u8a2d\u5b9a\u306e\u30c7\u30b6\u30a4\u30f3-16.png\" data-object-fit=\"cover\" srcset=\"https:\/\/www.japanadart.com\/wp-content\/uploads\/2024\/12\/\u540d\u79f0\u672a\u8a2d\u5b9a\u306e\u30c7\u30b6\u30a4\u30f3-16.png 851w, https:\/\/www.japanadart.com\/wp-content\/uploads\/2024\/12\/\u540d\u79f0\u672a\u8a2d\u5b9a\u306e\u30c7\u30b6\u30a4\u30f3-16-300x111.png 300w, https:\/\/www.japanadart.com\/wp-content\/uploads\/2024\/12\/\u540d\u79f0\u672a\u8a2d\u5b9a\u306e\u30c7\u30b6\u30a4\u30f3-16-768x284.png 768w\" sizes=\"auto, (max-width: 851px) 100vw, 851px\" \/><span aria-hidden=\"true\" class=\"wp-block-cover__background has-background-dim\" style=\"background-color:#949598\"><\/span><div class=\"wp-block-cover__inner-container is-layout-constrained wp-block-cover-is-layout-constrained\">\n<blockquote class=\"wp-block-quote is-layout-flow wp-block-quote-is-layout-flow\">\n<p class=\"has-white-color has-text-color has-link-color wp-elements-d75b2a02e4da9f2f2cdc72dc0dc54abb\">Japanese Calligraphy &amp; Sumi-e Classes in Quebec City<\/p>\n\n\n\n<p class=\"has-white-color has-text-color has-link-color wp-elements-4a1f31954c4d30a450130e8ad8150b64\"><em>Cours de calligraphie japonaise et de sumi-e \u00e0 Qu\u00e9bec<\/em><\/p>\n<\/blockquote>\n<\/div><\/div>\n\n\n\n<div style=\"height:50px\" aria-hidden=\"true\" class=\"wp-block-spacer\"><\/div>\n\n\n\n<h2 class=\"wp-block-heading\"><em>Private Lessons \/ Cours priv\u00e9s<\/em><\/h2>\n\n\n\n<p class=\"has-black-color has-text-color has-link-color wp-elements-ace7ce318bd6455b89704fc8d2d67fd4\">Learn Japanese calligraphy, sumi-e, and Japanese language in private lessons with Y\u016bsui. <\/p>\n\n\n\n<p class=\"has-black-color has-text-color has-link-color wp-elements-e1dcf08369940d391cc74fb40fdb8510\">Tailored for beginners and advanced students.<\/p>\n\n\n\n<p class=\"has-cyan-bluish-gray-color has-text-color has-link-color wp-elements-5262e43c1edac88dea66ba9bbcbabc58\"><br><em>Apprenez la calligraphie japonaise, le sumi-e,  et le japonais avec Y\u016bsui, <\/em><\/p>\n\n\n\n<p class=\"has-cyan-bluish-gray-color has-text-color has-link-color wp-elements-e5f1f183c99487e8d835b332b50c0358\"><em>en cours priv\u00e9s adapt\u00e9s aux d\u00e9butants comme aux confirm\u00e9s.<\/em><\/p>\n\n\n\n<div style=\"height:49px\" aria-hidden=\"true\" class=\"wp-block-spacer\"><\/div>\n\n\n\n<h2 class=\"wp-block-heading\"><em>\u66f8\u9053\uff5cCalligraphy<\/em><\/h2>\n\n\n\n<blockquote class=\"wp-block-quote is-layout-flow wp-block-quote-is-layout-flow\">\n<p>Learn the foundations of Japanese calligraphy.<br>Focus on posture, brush movement, and balance.<\/p>\n<\/blockquote>\n\n\n\n<blockquote class=\"wp-block-quote is-layout-flow wp-block-quote-is-layout-flow\">\n<p class=\"has-cyan-bluish-gray-color has-text-color has-link-color wp-elements-cd12739b6b83d0c62bc9d0f284ae2639\"><em>Apprenez les bases de la calligraphie japonaise.<\/em><br><em>Travail de la posture, du geste et de l\u2019\u00e9quilibre.<\/em><\/p>\n<\/blockquote>\n\n\n\n<div style=\"height:49px\" aria-hidden=\"true\" class=\"wp-block-spacer\"><\/div>\n\n\n\n<h2 class=\"wp-block-heading\"><em>\u6c34\u58a8\u753b\uff5cSumi-e<\/em><\/h2>\n\n\n\n<blockquote class=\"wp-block-quote is-layout-flow wp-block-quote-is-layout-flow\">\n<p>Discover ink painting as a form of meditation.<br>Express more with less.<\/p>\n<\/blockquote>\n\n\n\n<blockquote class=\"wp-block-quote is-layout-flow wp-block-quote-is-layout-flow\">\n<p class=\"has-cyan-bluish-gray-color has-text-color has-link-color wp-elements-8cc11b083eebda6035e39c7768473a67\"><em>D\u00e9couvrez la peinture \u00e0 l\u2019encre comme une m\u00e9ditation.<\/em><br><em>Exprimer plus avec moins.<\/em><\/p>\n<\/blockquote>\n\n\n\n<div style=\"height:51px\" aria-hidden=\"true\" class=\"wp-block-spacer\"><\/div>\n\n\n\n<h2 class=\"wp-block-heading\"><em>\u65e5\u672c\u8a9e\uff5cJapanese <\/em><\/h2>\n\n\n\n<blockquote class=\"wp-block-quote is-layout-flow wp-block-quote-is-layout-flow\">\n<p>Learn Japanese through writing and culture.<br>Language as a lived experience.<\/p>\n<\/blockquote>\n\n\n\n<blockquote class=\"wp-block-quote is-layout-flow wp-block-quote-is-layout-flow\">\n<p class=\"has-cyan-bluish-gray-color has-text-color has-link-color wp-elements-31ede5091b91d36d48b291414eea7abe\"><em>Apprendre le japonais \u00e0 travers l\u2019\u00e9criture et la culture.<\/em><\/p>\n<\/blockquote>\n\n\n\n<div style=\"height:50px\" aria-hidden=\"true\" class=\"wp-block-spacer\"><\/div>\n\n\n\n<p class=\"has-text-align-left\">Choose the practice that fits your rhythm.<\/p>\n\n\n\n<p class=\"has-text-align-left has-cyan-bluish-gray-color has-text-color has-link-color wp-elements-ed27f1d745bd5b636c57978b5f2f1d35\"><em>Choisissez la pratique qui correspond \u00e0 votre rythme.<\/em><\/p>\n\n\n\n<div class=\"wp-block-buttons is-content-justification-left is-layout-flex wp-container-core-buttons-is-layout-fc4fd283 wp-block-buttons-is-layout-flex\">\n<div class=\"wp-block-button\"><a class=\"wp-block-button__link has-ast-global-color-8-background-color has-background has-text-align-center wp-element-button\" style=\"border-top-left-radius:25px;border-top-right-radius:25px;border-bottom-left-radius:25px;border-bottom-right-radius:25px\">Book a class \uff5c R\u00e9server un cours<\/a><\/div>\n<\/div>\n\n\n\n<div style=\"height:50px\" aria-hidden=\"true\" class=\"wp-block-spacer\"><\/div>\n\n\n\n<h2 class=\"wp-block-heading\"><em>Group Lessons \/ Cours en groupe <\/em><\/h2>\n\n\n\n<p>Y\u016bsui also teaches Japanese calligraphy and sumi-e in group classes at MAACR. These courses are open to registered MAACR students and follow the institution\u2019s registration procedures. Please visit MAACR for enrollment details.<\/p>\n\n\n\n<p class=\"has-cyan-bluish-gray-color has-text-color has-link-color wp-elements-f40254ac59a48efe81e5edc9036781c4\"><em>Y\u016bsui enseigne \u00e9galement la calligraphie japonaise et le sumi-e dans le cadre de cours en groupe au MAACR. Ces cours sont ouverts aux \u00e9tudiants inscrits \u00e0 MAACR et suivent les proc\u00e9dures d\u2019inscription de l\u2019\u00e9tablissement. Veuillez consulter MAACR pour les d\u00e9tails d\u2019inscription.<\/em><\/p>\n\n\n\n<div class=\"wp-block-buttons is-layout-flex wp-block-buttons-is-layout-flex\">\n<div class=\"wp-block-button\"><a class=\"wp-block-button__link has-ast-global-color-8-background-color has-background wp-element-button\" href=\"https:\/\/www.maacr.org\/\" style=\"border-top-left-radius:25px;border-top-right-radius:25px;border-bottom-left-radius:25px;border-bottom-right-radius:25px\">MAACR(Mouvement d&#8217;animation artistique de Cap-Rouge)<\/a><\/div>\n<\/div>\n\n\n\n<p><\/p>\n","protected":false},"excerpt":{"rendered":"<p>Private Lessons \/ Co [&hellip;]<\/p>\n","protected":false},"author":1,"featured_media":0,"parent":0,"menu_order":0,"comment_status":"closed","ping_status":"closed","template":"","meta":{"site-sidebar-layout":"default","site-content-layout":"","ast-site-content-layout":"default","site-content-style":"default","site-sidebar-style":"default","ast-global-header-display":"","ast-banner-title-visibility":"","ast-main-header-display":"","ast-hfb-above-header-display":"","ast-hfb-below-header-display":"","ast-hfb-mobile-header-display":"","site-post-title":"","ast-breadcrumbs-content":"","ast-featured-img":"","footer-sml-layout":"","ast-disable-related-posts":"","theme-transparent-header-meta":"","adv-header-id-meta":"","stick-header-meta":"","header-above-stick-meta":"","header-main-stick-meta":"","header-below-stick-meta":"","astra-migrate-meta-layouts":"default","ast-page-background-enabled":"default","ast-page-background-meta":{"desktop":{"background-color":"var(--ast-global-color-5)","background-image":"","background-repeat":"repeat","background-position":"center center","background-size":"auto","background-attachment":"scroll","background-type":"","background-media":"","overlay-type":"","overlay-color":"","overlay-opacity":"","overlay-gradient":""},"tablet":{"background-color":"","background-image":"","background-repeat":"repeat","background-position":"center center","background-size":"auto","background-attachment":"scroll","background-type":"","background-media":"","overlay-type":"","overlay-color":"","overlay-opacity":"","overlay-gradient":""},"mobile":{"background-color":"","background-image":"","background-repeat":"repeat","background-position":"center center","background-size":"auto","background-attachment":"scroll","background-type":"","background-media":"","overlay-type":"","overlay-color":"","overlay-opacity":"","overlay-gradient":""}},"ast-content-background-meta":{"desktop":{"background-color":"var(--ast-global-color-4)","background-image":"","background-repeat":"repeat","background-position":"center center","background-size":"auto","background-attachment":"scroll","background-type":"","background-media":"","overlay-type":"","overlay-color":"","overlay-opacity":"","overlay-gradient":""},"tablet":{"background-color":"var(--ast-global-color-4)","background-image":"","background-repeat":"repeat","background-position":"center center","background-size":"auto","background-attachment":"scroll","background-type":"","background-media":"","overlay-type":"","overlay-color":"","overlay-opacity":"","overlay-gradient":""},"mobile":{"background-color":"var(--ast-global-color-4)","background-image":"","background-repeat":"repeat","background-position":"center center","background-size":"auto","background-attachment":"scroll","background-type":"","background-media":"","overlay-type":"","overlay-color":"","overlay-opacity":"","overlay-gradient":""}},"footnotes":""},"class_list":["post-6","page","type-page","status-publish","hentry"],"_links":{"self":[{"href":"https:\/\/www.japanadart.com\/index.php?rest_route=\/wp\/v2\/pages\/6","targetHints":{"allow":["GET"]}}],"collection":[{"href":"https:\/\/www.japanadart.com\/index.php?rest_route=\/wp\/v2\/pages"}],"about":[{"href":"https:\/\/www.japanadart.com\/index.php?rest_route=\/wp\/v2\/types\/page"}],"author":[{"embeddable":true,"href":"https:\/\/www.japanadart.com\/index.php?rest_route=\/wp\/v2\/users\/1"}],"replies":[{"embeddable":true,"href":"https:\/\/www.japanadart.com\/index.php?rest_route=%2Fwp%2Fv2%2Fcomments&post=6"}],"version-history":[{"count":38,"href":"https:\/\/www.japanadart.com\/index.php?rest_route=\/wp\/v2\/pages\/6\/revisions"}],"predecessor-version":[{"id":765,"href":"https:\/\/www.japanadart.com\/index.php?rest_route=\/wp\/v2\/pages\/6\/revisions\/765"}],"wp:attachment":[{"href":"https:\/\/www.japanadart.com\/index.php?rest_route=%2Fwp%2Fv2%2Fmedia&parent=6"}],"curies":[{"name":"wp","href":"https:\/\/api.w.org\/{rel}","templated":true}]}}