{"id":644,"date":"2025-01-01T17:18:32","date_gmt":"2025-01-01T22:18:32","guid":{"rendered":"https:\/\/www.japanadart.com\/?page_id=644"},"modified":"2026-01-07T14:17:37","modified_gmt":"2026-01-07T19:17:37","slug":"calligraphie-japonaise","status":"publish","type":"page","link":"https:\/\/www.japanadart.com\/?page_id=644","title":{"rendered":"Experience"},"content":{"rendered":"\n<div class=\"wp-block-cover is-light\"><img loading=\"lazy\" decoding=\"async\" width=\"851\" height=\"315\" class=\"wp-block-cover__image-background wp-image-645 size-full\" alt=\"\" src=\"https:\/\/www.japanadart.com\/wp-content\/uploads\/2025\/01\/\u540d\u79f0\u672a\u8a2d\u5b9a\u306e\u30c7\u30b6\u30a4\u30f3-17.png\" data-object-fit=\"cover\" srcset=\"https:\/\/www.japanadart.com\/wp-content\/uploads\/2025\/01\/\u540d\u79f0\u672a\u8a2d\u5b9a\u306e\u30c7\u30b6\u30a4\u30f3-17.png 851w, https:\/\/www.japanadart.com\/wp-content\/uploads\/2025\/01\/\u540d\u79f0\u672a\u8a2d\u5b9a\u306e\u30c7\u30b6\u30a4\u30f3-17-300x111.png 300w, https:\/\/www.japanadart.com\/wp-content\/uploads\/2025\/01\/\u540d\u79f0\u672a\u8a2d\u5b9a\u306e\u30c7\u30b6\u30a4\u30f3-17-768x284.png 768w\" sizes=\"auto, (max-width: 851px) 100vw, 851px\" \/><span aria-hidden=\"true\" class=\"wp-block-cover__background has-background-dim\" style=\"background-color:#a2a3a6\"><\/span><div class=\"wp-block-cover__inner-container is-layout-constrained wp-block-cover-is-layout-constrained\">\n<blockquote class=\"wp-block-quote is-layout-flow wp-block-quote-is-layout-flow\">\n<p class=\"has-white-color has-text-color has-link-color wp-elements-a89afa5b0e69f326a4abc825e6b6e787\">Japanese Calligraphy Experience in Quebec city<br>as a moment of calm and focus.<\/p>\n\n\n\n<p class=\"has-text-align-left has-white-color has-text-color has-link-color wp-elements-37342f066921b30b882d7d6b5b180e2f\"><em>Exp\u00e9rience de calligraphie japonaise \u00e0 Qu\u00e9bec<\/em><br><em>comme un moment de calme et de concentration.<\/em><\/p>\n<\/blockquote>\n<\/div><\/div>\n\n\n\n<div style=\"height:51px\" aria-hidden=\"true\" class=\"wp-block-spacer\"><\/div>\n\n\n\n<h2 class=\"wp-block-heading\"><em>Why calligraphy?<\/em><\/h2>\n\n\n\n<blockquote class=\"wp-block-quote is-layout-flow wp-block-quote-is-layout-flow\">\n<p>In a fast and noisy world,<br>writing slowly by hand allows us to pause.<\/p>\n\n\n\n<p>Japanese calligraphy is not about perfection.<br>It is about presence, breath, and movement.<\/p>\n<\/blockquote>\n\n\n\n<blockquote class=\"wp-block-quote is-layout-flow wp-block-quote-is-layout-flow\">\n<p class=\"has-cyan-bluish-gray-color has-text-color has-link-color wp-elements-f3fc66d99eb4d1ddaa994883f1172d22\"><em>Dans un monde rapide et bruyant,<br>\u00e9crire lentement \u00e0 la main permet de faire une pause.<\/em><\/p>\n\n\n\n<p class=\"has-cyan-bluish-gray-color has-text-color has-link-color wp-elements-12190832f48b27b7f1de3e1bdf7dee16\"><em>La calligraphie japonaise n\u2019est pas une recherche de perfection,<br>mais de pr\u00e9sence, de souffle et de mouvement.<\/em><\/p>\n<\/blockquote>\n\n\n\n<div style=\"height:50px\" aria-hidden=\"true\" class=\"wp-block-spacer\"><\/div>\n\n\n\n<h2 class=\"wp-block-heading\"><em>What you experience<\/em><\/h2>\n\n\n\n<p>A quiet moment focused on the present<\/p>\n\n\n\n<p>Simple techniques accessible to everyone<\/p>\n\n\n\n<p>A balance between writing and drawing<\/p>\n\n\n\n<p class=\"has-cyan-bluish-gray-color has-text-color has-link-color wp-elements-138640d27dbb16ce77dbf318512e7f84\"><em>Un moment calme centr\u00e9 sur l\u2019instant pr\u00e9sent<\/em><\/p>\n\n\n\n<p class=\"has-cyan-bluish-gray-color has-text-color has-link-color wp-elements-5f2a5ec1e886a6514972449011da3c9a\"><em>Des techniques simples accessibles \u00e0 tous<\/em><\/p>\n\n\n\n<p class=\"has-cyan-bluish-gray-color has-text-color has-link-color wp-elements-a3d6b6a14846d6350b669174fa85f385\"><em>Un \u00e9quilibre entre \u00e9criture et dessin<\/em><\/p>\n\n\n\n<div style=\"height:50px\" aria-hidden=\"true\" class=\"wp-block-spacer\"><\/div>\n\n\n\n<h2 class=\"wp-block-heading\"><em>For everyone<\/em><\/h2>\n\n\n\n<blockquote class=\"wp-block-quote is-layout-flow wp-block-quote-is-layout-flow\">\n<p>No experience required.<br>No language barrier.<\/p>\n\n\n\n<p>Just curiosity and an open mind.<\/p>\n<\/blockquote>\n\n\n\n<blockquote class=\"wp-block-quote is-layout-flow wp-block-quote-is-layout-flow\">\n<p class=\"has-cyan-bluish-gray-color has-text-color has-link-color wp-elements-97cab40868724830cd24e79d66234816\"><em>Aucune exp\u00e9rience requise.<\/em><br><em>Aucune barri\u00e8re linguistique.<\/em><\/p>\n\n\n\n<p class=\"has-cyan-bluish-gray-color has-text-color has-link-color wp-elements-473e439384fe04565d272efbcdc7049b\"><em>Seulement de la curiosit\u00e9 et un esprit ouvert.<\/em><\/p>\n<\/blockquote>\n\n\n\n<div style=\"height:30px\" aria-hidden=\"true\" class=\"wp-block-spacer\"><\/div>\n\n\n\n<div class=\"wp-block-buttons is-content-justification-center is-layout-flex wp-container-core-buttons-is-layout-a89b3969 wp-block-buttons-is-layout-flex\">\n<div class=\"wp-block-button has-custom-width wp-block-button__width-50\"><a class=\"wp-block-button__link has-white-color has-ast-global-color-8-background-color has-text-color has-background has-link-color has-small-font-size has-custom-font-size wp-element-button\" href=\"https:\/\/app.squareup.com\/appointments\/book\/97alrxnqew5xh6\/L7RDS6R5TX8N5\/start\" style=\"border-top-left-radius:25px;border-top-right-radius:25px;border-bottom-left-radius:25px;border-bottom-right-radius:25px\">Discover the classes\uff5c D\u00e9couvrir les cours<\/a><\/div>\n<\/div>\n\n\n\n<p><\/p>\n","protected":false},"excerpt":{"rendered":"<p>Why calligraphy? In  [&hellip;]<\/p>\n","protected":false},"author":1,"featured_media":0,"parent":0,"menu_order":0,"comment_status":"closed","ping_status":"closed","template":"","meta":{"site-sidebar-layout":"default","site-content-layout":"","ast-site-content-layout":"default","site-content-style":"default","site-sidebar-style":"default","ast-global-header-display":"","ast-banner-title-visibility":"","ast-main-header-display":"","ast-hfb-above-header-display":"","ast-hfb-below-header-display":"","ast-hfb-mobile-header-display":"","site-post-title":"","ast-breadcrumbs-content":"","ast-featured-img":"","footer-sml-layout":"","ast-disable-related-posts":"","theme-transparent-header-meta":"","adv-header-id-meta":"","stick-header-meta":"","header-above-stick-meta":"","header-main-stick-meta":"","header-below-stick-meta":"","astra-migrate-meta-layouts":"default","ast-page-background-enabled":"default","ast-page-background-meta":{"desktop":{"background-color":"var(--ast-global-color-5)","background-image":"","background-repeat":"repeat","background-position":"center center","background-size":"auto","background-attachment":"scroll","background-type":"","background-media":"","overlay-type":"","overlay-color":"","overlay-opacity":"","overlay-gradient":""},"tablet":{"background-color":"","background-image":"","background-repeat":"repeat","background-position":"center center","background-size":"auto","background-attachment":"scroll","background-type":"","background-media":"","overlay-type":"","overlay-color":"","overlay-opacity":"","overlay-gradient":""},"mobile":{"background-color":"","background-image":"","background-repeat":"repeat","background-position":"center center","background-size":"auto","background-attachment":"scroll","background-type":"","background-media":"","overlay-type":"","overlay-color":"","overlay-opacity":"","overlay-gradient":""}},"ast-content-background-meta":{"desktop":{"background-color":"var(--ast-global-color-4)","background-image":"","background-repeat":"repeat","background-position":"center center","background-size":"auto","background-attachment":"scroll","background-type":"","background-media":"","overlay-type":"","overlay-color":"","overlay-opacity":"","overlay-gradient":""},"tablet":{"background-color":"var(--ast-global-color-4)","background-image":"","background-repeat":"repeat","background-position":"center center","background-size":"auto","background-attachment":"scroll","background-type":"","background-media":"","overlay-type":"","overlay-color":"","overlay-opacity":"","overlay-gradient":""},"mobile":{"background-color":"var(--ast-global-color-4)","background-image":"","background-repeat":"repeat","background-position":"center center","background-size":"auto","background-attachment":"scroll","background-type":"","background-media":"","overlay-type":"","overlay-color":"","overlay-opacity":"","overlay-gradient":""}},"footnotes":""},"class_list":["post-644","page","type-page","status-publish","hentry"],"_links":{"self":[{"href":"https:\/\/www.japanadart.com\/index.php?rest_route=\/wp\/v2\/pages\/644","targetHints":{"allow":["GET"]}}],"collection":[{"href":"https:\/\/www.japanadart.com\/index.php?rest_route=\/wp\/v2\/pages"}],"about":[{"href":"https:\/\/www.japanadart.com\/index.php?rest_route=\/wp\/v2\/types\/page"}],"author":[{"embeddable":true,"href":"https:\/\/www.japanadart.com\/index.php?rest_route=\/wp\/v2\/users\/1"}],"replies":[{"embeddable":true,"href":"https:\/\/www.japanadart.com\/index.php?rest_route=%2Fwp%2Fv2%2Fcomments&post=644"}],"version-history":[{"count":6,"href":"https:\/\/www.japanadart.com\/index.php?rest_route=\/wp\/v2\/pages\/644\/revisions"}],"predecessor-version":[{"id":756,"href":"https:\/\/www.japanadart.com\/index.php?rest_route=\/wp\/v2\/pages\/644\/revisions\/756"}],"wp:attachment":[{"href":"https:\/\/www.japanadart.com\/index.php?rest_route=%2Fwp%2Fv2%2Fmedia&parent=644"}],"curies":[{"name":"wp","href":"https:\/\/api.w.org\/{rel}","templated":true}]}}